{"id":237,"date":"2014-06-24T21:30:21","date_gmt":"2014-06-24T19:30:21","guid":{"rendered":"https:\/\/durand-ruel.axevision.net\/paul-durand-ruel\/"},"modified":"2014-06-24T21:39:43","modified_gmt":"2014-06-24T19:39:43","slug":"paul-durand-ruel","status":"publish","type":"page","link":"https:\/\/durand-ruel.fr\/en\/paul-durand-ruel\/","title":{"rendered":"Paul Durand-Ruel"},"content":{"rendered":"<p><strong>2022: 100th Anniversary of the death of Paul Durand-Ruel<\/strong><\/p>\n<p>During his lifetime, <strong>Paul DURAND-RUEL (31 October 1831 \u2013 5 February 1922)<\/strong> profoundly altered the traditional role of the art dealer with his unwavering and absolute dedication to his artists, both financially and morally. A determined and ambitious entrepreneur, Paul Durand-&nbsp;Ruel became a precursor on the international art market, establishing a network of galleries in Paris, London, Brussels and New York and organising numerous international exhibitions. Completely convinced by the talent of the artists he promoted and confident in his role as the defender of their art, Paul Durand-Ruel was able to secure a legacy for the Barbizon school and, above all, the Impressionists.<\/p>\n<p><strong>31st October 1831<\/strong>: Paul Durand-Ruel is born in Paris. His father, Jean Durand, and his mother, Marie Ruel, own a paper-shop <em>Durand-Ruel<\/em> in Paris in which pictures by artists such as G\u00e9ricault or Delacroix are exhibited. Jean sells and rents pictures. Their shop rapidly becomes a meeting point for artists and collectors, and transforms itself into a gallery.<\/p>\n<p><strong>1839:&nbsp;<\/strong>The gallery moves to the very&nbsp;elegant neighbourhood of Paris, 103 rue des Petits Champs, next to the Place Vend\u00f4me.<\/p>\n<p><strong>1848:<\/strong>&nbsp;The February Revolution interrupts the expanding business.&nbsp;<\/p>\n<p>1851: Admitted to the Military Academy of Saint Cyr, Paul Durand-Ruel resigns from the army to be able to assist his father. During the following years, he travels extensively in France and in Europe.<\/p>\n<p><strong>1855:<\/strong>&nbsp;Paul Durand-Ruel,&nbsp;already familiar with and appreciative of Delacroix&nbsp;&#8216;s work, is mesmerized before the numerous pictures&nbsp;the artist&nbsp;exhibited during the Universal Exhibition.<\/p>\n<p><strong>1862:&nbsp;<\/strong>Paul Durand-Ruel marries Eva Lafon&nbsp;with whom he will have five children.<\/p>\n<p><strong>1863: <\/strong>Napoleon III offers a <em>Salon des Refus\u00e9s, <\/em>which permits the&nbsp;rejected artists to exhibit their pictures and allows the public to make its own opinion.<br \/>\nPaul Durand-Ruel, then 32 years old, assumes for the first time his role as an expert during an auction, next to the auctioneer.<\/p>\n<p><strong>1865:&nbsp;<\/strong>Jean Durand-Ruel dies. Paul progressively establishes his personal and professional philosophy based on a few key principles exceptionally innovating:<br \/>\n&#8211; Protect&nbsp;and defend art above all else<br \/>\n&#8211; The exclusivity of the artists\u2019 production<br \/>\n&#8211; Individual Exhibitions<br \/>\n&#8211; A&nbsp;network of&nbsp;international&nbsp;galleries<br \/>\n&#8211; Free access to his galleries and to his apartment<br \/>\n&#8211; Promote the artists\u2019 work via the press<br \/>\n&#8211; Associate the art world with the finance world<\/p>\n<p>1865-1874: Paul Durand-Ruel supports&nbsp;Delacroix, and the artits of the School of 1830: Corot, Daubigny, Diaz de la Pena, Jules Dupr\u00e9, Millet, Th\u00e9odore Rousseau&#8230;; as well as Daumier and Courbet; and his role is essential for their recognition.&nbsp;<\/p>\n<p><strong>1870-1871:<\/strong>&nbsp;Paul Durand-Ruel opens a gallery in London, and in Brussels.<\/p>\n<p>1871: Eva,&nbsp;Paul Durand-Ruel&#8217;s wife, dies at 30, leaving him with 5 young children.<\/p>\n<p>1871-1873: Paul Durand-Ruel&nbsp;discovers the work of Boudin, Monet, Pissarro, Sisley, Degas, Renoir, Manet, Puvis de Chavannes, and later Morisot and Cassatt.<\/p>\n<p><strong>1874:<\/strong> These artists exhibit for the first time&nbsp;collectively in the studio of the photographer Nadar, and they are ironically named&nbsp;&#8220;the Impressionists&#8221;, referring to Monet&#8217;s <em>Impression: Sunrise<\/em>. Durand-Ruel encounters serious financial difficulties.<\/p>\n<p><strong>1876:<\/strong>&nbsp;Paul Durand-Ruel organizes the second exhibition of the Impressionist artists in his gallery. Overwhelmingly rejected, this exhibition and his gallery were declared an \u201cinsane asylum\u201d.<\/p>\n<p><strong>1878:<\/strong> Paul Durand-Ruel organizes a major&nbsp;exhibition of the artists of&nbsp;the Barbizon school, in reaction to the Salon which has refused their works of art that same year.<\/p>\n<p><strong>1880-1886:<\/strong> Paul Durand-Ruel morally and financially supports the Impressionist artists. He is the only one who regularly purchases and promotes their pictures, despite a new&nbsp;financial crisis he must&nbsp;overcome in 1883-84.<\/p>\n<p><strong>1883:<\/strong>&nbsp;Paul Durand-Ruel&nbsp;organizes, without much success, exhibitions in Berlin, London, Boston and Rotterdam. In Paris, he organizes the first individual exhibitions by Boudin, Monet, Renoir, Pissarro and Sisley.<\/p>\n<p><strong>1886:<\/strong>&nbsp;Paul Durand-Ruel is practically bankrupt.&nbsp;James Sutton and the American Art Association invite Paul to organize an exhibition in New York:&nbsp;It is a success and&nbsp;becomes&nbsp;the first official recognition of the Impressionist artist.&nbsp;It is also the beginning of Paul Durand-Ruel\u2019s implantation in New York and in the United States.<\/p>\n<p><strong>1890-1893: <\/strong>The Paris&nbsp;gallery&#8217;s&nbsp;activity&nbsp;recovers following Renoir\u2019s and Pissarro\u2019s recognition, and&nbsp;the confirmation of Monet\u2019s success.<\/p>\n<p><strong>1890-1914:<\/strong> Paul Durand-Ruel organizes exhibitions worldwide and in more than ten German cities, marking the beginning of the&nbsp;Impressionist\u2019s collections in Germany.<\/p>\n<p><strong>1905:<\/strong>&nbsp;Paul Durand-Ruel organizes a very important exhibition&nbsp;in London&nbsp;with close to 300&nbsp;Impressionist pictures at the <em>Grafton Galleries<\/em>. It is probably the most exceptional Impressionist exhibition ever held.<\/p>\n<p><strong>1910:<\/strong>&nbsp;After more than thirty years of friendship,&nbsp;Renoir immortalizes his friend and art-dealer, Paul Durand-Ruel, by painting his portrait.<\/p>\n<p><strong>5th February 1922:<\/strong> Paul Durand-Ruel dies. Two years before his death, Paul Durand-Ruel is rewarded with the <em>L\u00e9gion d\u2019Honneur<\/em> but, ironically, not for his contribution to Fine Arts, but to&nbsp;Foreign Trade.<\/p>\n<p><strong>Between 1891 and 1922, Paul Durand-Ruel purchases close to 12,000 pictures, including <\/strong><strong>more than 1,000 Monets, approximately 1,500 Renoirs, more than 400 by Degas and as many Sisleys and Boudins, about 800 Pissarros, close to 200 Manets and close to 400 Mary Cassatts.<\/strong><\/p>\n<p><strong>Paul Durand-Ruel is 89 years-old when he d\u00e9clares: <\/strong><em>\u00abAt last the&nbsp;Impressionist masters&nbsp;triumphed just&nbsp;as the generation of&nbsp;1830&nbsp;had. My madness had been wisdom. To think that,&nbsp;had I passed away&nbsp;at sixty, I would have died&nbsp;debt-ridden and bankrupt, surrounded by a wealth of underrated&nbsp;treasures\u2026\u00bb<\/em><\/p>\n<p>&nbsp;<\/p>\n<p><em><a href=\"https:\/\/www.youtube.com\/watch?v=KSQ_VB4ti8k\">For more information: film on &#8216;Paul Durand-Ruel, the Impressionist Art Dealer&#8217; by Sandra Paugam, France Television Distribution, 2014<\/a><\/em><\/p>\n<p>&nbsp;<\/p>\n<h3><strong>Quotes:<\/strong><\/h3>\n<p><strong>Georges CLEMENCEAU<\/strong> writes in 1928:&nbsp;<em>(\u2026)&nbsp;so many worries&nbsp;from which&nbsp;Durand-Ruel&nbsp;spared&nbsp;Monet, allowed Monet to be and remain himself despite all the undistinguished conspiracies!&nbsp;All thanks to Paul Durand-Ruel.&nbsp;<\/em><\/p>\n<p><strong>Eug\u00e8ne BOUDIN<\/strong>&nbsp;to Durand-Ruel: Deauville, 2nd October 1885:&nbsp;<em>(\u2026) I would be so happy to see you overcome your difficulties and bring the hard venture you have undertaken to a successful&nbsp;end, which is to bring new talents to light and make the harsh public appreciate our art. We would all be very ungrateful to fail to recognize the services you render to us and the efforts you attempt for our common interest.<\/em><\/p>\n<p><strong>Claude MONET<\/strong>&nbsp;tells Ren\u00e9 Gimpel in November 1918:&nbsp;<em>(\u2026) There is only one person to whom I owe something; it is to Durand-Ruel who was described as a crazy man and because of us was almost ruined. (\u2026)&nbsp;<\/em><\/p>\n<p><strong>Claude MONET<\/strong> tells&nbsp;Marc Elder in 1924 :&nbsp;<em>Without&nbsp;Durand, we would have died of starvation, all of us the&nbsp;impressionists. We owe him everything. Il s\u2019est ent\u00eat\u00e9, acharn\u00e9, il a risqu\u00e9 vingt fois la faillite pour nous soutenir. La critique nous tra\u00eenait dans la boue&nbsp;; mais lui, c\u2019est bien pis&nbsp;! On \u00e9crivait&nbsp;:&nbsp;Ces gens sont fous, mais il y a plus fou qu\u2019eux, c\u2019est un marchand qui les ach\u00e8te&nbsp;!<\/em><\/p>\n<p><strong>Camille PISSARRO<\/strong>, wrote to his niece Esther Isaacson, from Paris, on 4th January 1881:&nbsp;<em>(\u2026)&nbsp;Durand-Ruel, one of the great Parisian art-dealers, came to see me and has taken a great part of my pictures and watercolours, and has proposed to buy every&nbsp;work of art&nbsp;that I will create. It brings peace of mind for some time and the means to create important art pieces.&nbsp;<\/em><\/p>\n<p><strong>Auguste RENOIR<\/strong>, one of Paul Durand-Ruel\u2019s closest friends, writes to him in November 1885:&nbsp;<em>(\u2026) Whatever they [the public, press and dealers] do, they will not kill your true quality: the love of the art and the defence of the artists before their death.&nbsp; In the future, this will be your legacy.&nbsp;<\/em><\/p>\n","protected":false},"excerpt":{"rendered":"<p>2022: 100th Anniversary of the death of Paul Durand-Ruel During his lifetime, Paul DURAND-RUEL (31 October 1831 \u2013 5 February 1922) profoundly altered the traditional role of the art dealer with his unwavering and absolute dedication to his artists, both financially and morally. A determined and ambitious entrepreneur, Paul Durand-&nbsp;Ruel became a precursor on the [&hellip;]<\/p>\n","protected":false},"author":1,"featured_media":309,"parent":0,"menu_order":0,"comment_status":"closed","ping_status":"closed","template":"","meta":{"_acf_changed":false,"site-sidebar-layout":"default","site-content-layout":"","ast-site-content-layout":"default","site-content-style":"default","site-sidebar-style":"default","ast-global-header-display":"","ast-banner-title-visibility":"","ast-main-header-display":"","ast-hfb-above-header-display":"","ast-hfb-below-header-display":"","ast-hfb-mobile-header-display":"","site-post-title":"","ast-breadcrumbs-content":"","ast-featured-img":"","footer-sml-layout":"","ast-disable-related-posts":"","theme-transparent-header-meta":"","adv-header-id-meta":"","stick-header-meta":"","header-above-stick-meta":"","header-main-stick-meta":"","header-below-stick-meta":"","astra-migrate-meta-layouts":"default","ast-page-background-enabled":"default","ast-page-background-meta":{"desktop":{"background-color":"var(--ast-global-color-4)","background-image":"","background-repeat":"repeat","background-position":"center center","background-size":"auto","background-attachment":"scroll","background-type":"","background-media":"","overlay-type":"","overlay-color":"","overlay-opacity":"","overlay-gradient":""},"tablet":{"background-color":"","background-image":"","background-repeat":"repeat","background-position":"center center","background-size":"auto","background-attachment":"scroll","background-type":"","background-media":"","overlay-type":"","overlay-color":"","overlay-opacity":"","overlay-gradient":""},"mobile":{"background-color":"","background-image":"","background-repeat":"repeat","background-position":"center center","background-size":"auto","background-attachment":"scroll","background-type":"","background-media":"","overlay-type":"","overlay-color":"","overlay-opacity":"","overlay-gradient":""}},"ast-content-background-meta":{"desktop":{"background-color":"var(--ast-global-color-5)","background-image":"","background-repeat":"repeat","background-position":"center center","background-size":"auto","background-attachment":"scroll","background-type":"","background-media":"","overlay-type":"","overlay-color":"","overlay-opacity":"","overlay-gradient":""},"tablet":{"background-color":"var(--ast-global-color-5)","background-image":"","background-repeat":"repeat","background-position":"center center","background-size":"auto","background-attachment":"scroll","background-type":"","background-media":"","overlay-type":"","overlay-color":"","overlay-opacity":"","overlay-gradient":""},"mobile":{"background-color":"var(--ast-global-color-5)","background-image":"","background-repeat":"repeat","background-position":"center center","background-size":"auto","background-attachment":"scroll","background-type":"","background-media":"","overlay-type":"","overlay-color":"","overlay-opacity":"","overlay-gradient":""}},"footnotes":""},"class_list":["post-237","page","type-page","status-publish","has-post-thumbnail","hentry"],"acf":[],"yoast_head":"<!-- This site is optimized with the Yoast SEO plugin v27.3 - https:\/\/yoast.com\/product\/yoast-seo-wordpress\/ -->\n<title>Paul Durand-Ruel -<\/title>\n<meta name=\"robots\" content=\"index, follow, max-snippet:-1, max-image-preview:large, max-video-preview:-1\" \/>\n<link rel=\"canonical\" href=\"https:\/\/durand-ruel.fr\/paul-durand-ruel\/\" \/>\n<meta property=\"og:locale\" content=\"en_US\" \/>\n<meta property=\"og:type\" content=\"article\" \/>\n<meta property=\"og:title\" content=\"Paul Durand-Ruel -\" \/>\n<meta property=\"og:description\" content=\"2022: 100th Anniversary of the death of Paul Durand-Ruel During his lifetime, Paul DURAND-RUEL (31 October 1831 \u2013 5 February 1922) profoundly altered the traditional role of the art dealer with his unwavering and absolute dedication to his artists, both financially and morally. A determined and ambitious entrepreneur, Paul Durand-&nbsp;Ruel became a precursor on the [&hellip;]\" \/>\n<meta property=\"og:url\" content=\"https:\/\/durand-ruel.fr\/paul-durand-ruel\/\" \/>\n<meta property=\"article:modified_time\" content=\"2014-06-24T19:39:43+00:00\" \/>\n<meta property=\"og:image\" content=\"https:\/\/durand-ruel.fr\/wp-content\/uploads\/2023\/06\/paul-durand-ruelc5b2.jpg\" \/>\n\t<meta property=\"og:image:width\" content=\"2000\" \/>\n\t<meta property=\"og:image:height\" content=\"250\" \/>\n\t<meta property=\"og:image:type\" content=\"image\/jpeg\" \/>\n<meta name=\"twitter:card\" content=\"summary_large_image\" \/>\n<meta name=\"twitter:label1\" content=\"Est. reading time\" \/>\n\t<meta name=\"twitter:data1\" content=\"7 minutes\" \/>\n<script type=\"application\/ld+json\" class=\"yoast-schema-graph\">{\"@context\":\"https:\\\/\\\/schema.org\",\"@graph\":[{\"@type\":\"WebPage\",\"@id\":\"https:\\\/\\\/durand-ruel.fr\\\/paul-durand-ruel\\\/\",\"url\":\"https:\\\/\\\/durand-ruel.fr\\\/paul-durand-ruel\\\/\",\"name\":\"Paul Durand-Ruel -\",\"isPartOf\":{\"@id\":\"https:\\\/\\\/durand-ruel.fr\\\/#website\"},\"primaryImageOfPage\":{\"@id\":\"https:\\\/\\\/durand-ruel.fr\\\/paul-durand-ruel\\\/#primaryimage\"},\"image\":{\"@id\":\"https:\\\/\\\/durand-ruel.fr\\\/paul-durand-ruel\\\/#primaryimage\"},\"thumbnailUrl\":\"https:\\\/\\\/durand-ruel.fr\\\/wp-content\\\/uploads\\\/2023\\\/06\\\/paul-durand-ruelc5b2.jpg\",\"datePublished\":\"2014-06-24T19:30:21+00:00\",\"dateModified\":\"2014-06-24T19:39:43+00:00\",\"breadcrumb\":{\"@id\":\"https:\\\/\\\/durand-ruel.fr\\\/paul-durand-ruel\\\/#breadcrumb\"},\"inLanguage\":\"en-US\",\"potentialAction\":[{\"@type\":\"ReadAction\",\"target\":[\"https:\\\/\\\/durand-ruel.fr\\\/paul-durand-ruel\\\/\"]}]},{\"@type\":\"ImageObject\",\"inLanguage\":\"en-US\",\"@id\":\"https:\\\/\\\/durand-ruel.fr\\\/paul-durand-ruel\\\/#primaryimage\",\"url\":\"https:\\\/\\\/durand-ruel.fr\\\/wp-content\\\/uploads\\\/2023\\\/06\\\/paul-durand-ruelc5b2.jpg\",\"contentUrl\":\"https:\\\/\\\/durand-ruel.fr\\\/wp-content\\\/uploads\\\/2023\\\/06\\\/paul-durand-ruelc5b2.jpg\",\"width\":2000,\"height\":250},{\"@type\":\"BreadcrumbList\",\"@id\":\"https:\\\/\\\/durand-ruel.fr\\\/paul-durand-ruel\\\/#breadcrumb\",\"itemListElement\":[{\"@type\":\"ListItem\",\"position\":1,\"name\":\"Accueil\",\"item\":\"https:\\\/\\\/durand-ruel.fr\\\/en\\\/\"},{\"@type\":\"ListItem\",\"position\":2,\"name\":\"Paul Durand-Ruel\"}]},{\"@type\":\"WebSite\",\"@id\":\"https:\\\/\\\/durand-ruel.fr\\\/#website\",\"url\":\"https:\\\/\\\/durand-ruel.fr\\\/\",\"name\":\"durand-ruel.fr\",\"description\":\"\",\"publisher\":{\"@id\":\"https:\\\/\\\/durand-ruel.fr\\\/#organization\"},\"potentialAction\":[{\"@type\":\"SearchAction\",\"target\":{\"@type\":\"EntryPoint\",\"urlTemplate\":\"https:\\\/\\\/durand-ruel.fr\\\/?s={search_term_string}\"},\"query-input\":{\"@type\":\"PropertyValueSpecification\",\"valueRequired\":true,\"valueName\":\"search_term_string\"}}],\"inLanguage\":\"en-US\"},{\"@type\":\"Organization\",\"@id\":\"https:\\\/\\\/durand-ruel.fr\\\/#organization\",\"name\":\"DURAND-RUEL & CIE\",\"url\":\"https:\\\/\\\/durand-ruel.fr\\\/\",\"logo\":{\"@type\":\"ImageObject\",\"inLanguage\":\"en-US\",\"@id\":\"https:\\\/\\\/durand-ruel.fr\\\/#\\\/schema\\\/logo\\\/image\\\/\",\"url\":\"https:\\\/\\\/durand-ruel.fr\\\/wp-content\\\/uploads\\\/2023\\\/06\\\/logo-bigbc43.png\",\"contentUrl\":\"https:\\\/\\\/durand-ruel.fr\\\/wp-content\\\/uploads\\\/2023\\\/06\\\/logo-bigbc43.png\",\"width\":654,\"height\":44,\"caption\":\"DURAND-RUEL & CIE\"},\"image\":{\"@id\":\"https:\\\/\\\/durand-ruel.fr\\\/#\\\/schema\\\/logo\\\/image\\\/\"}}]}<\/script>\n<!-- \/ Yoast SEO plugin. -->","yoast_head_json":{"title":"Paul Durand-Ruel -","robots":{"index":"index","follow":"follow","max-snippet":"max-snippet:-1","max-image-preview":"max-image-preview:large","max-video-preview":"max-video-preview:-1"},"canonical":"https:\/\/durand-ruel.fr\/paul-durand-ruel\/","og_locale":"en_US","og_type":"article","og_title":"Paul Durand-Ruel -","og_description":"2022: 100th Anniversary of the death of Paul Durand-Ruel During his lifetime, Paul DURAND-RUEL (31 October 1831 \u2013 5 February 1922) profoundly altered the traditional role of the art dealer with his unwavering and absolute dedication to his artists, both financially and morally. A determined and ambitious entrepreneur, Paul Durand-&nbsp;Ruel became a precursor on the [&hellip;]","og_url":"https:\/\/durand-ruel.fr\/paul-durand-ruel\/","article_modified_time":"2014-06-24T19:39:43+00:00","og_image":[{"width":2000,"height":250,"url":"https:\/\/durand-ruel.fr\/wp-content\/uploads\/2023\/06\/paul-durand-ruelc5b2.jpg","type":"image\/jpeg"}],"twitter_card":"summary_large_image","twitter_misc":{"Est. reading time":"7 minutes"},"schema":{"@context":"https:\/\/schema.org","@graph":[{"@type":"WebPage","@id":"https:\/\/durand-ruel.fr\/paul-durand-ruel\/","url":"https:\/\/durand-ruel.fr\/paul-durand-ruel\/","name":"Paul Durand-Ruel -","isPartOf":{"@id":"https:\/\/durand-ruel.fr\/#website"},"primaryImageOfPage":{"@id":"https:\/\/durand-ruel.fr\/paul-durand-ruel\/#primaryimage"},"image":{"@id":"https:\/\/durand-ruel.fr\/paul-durand-ruel\/#primaryimage"},"thumbnailUrl":"https:\/\/durand-ruel.fr\/wp-content\/uploads\/2023\/06\/paul-durand-ruelc5b2.jpg","datePublished":"2014-06-24T19:30:21+00:00","dateModified":"2014-06-24T19:39:43+00:00","breadcrumb":{"@id":"https:\/\/durand-ruel.fr\/paul-durand-ruel\/#breadcrumb"},"inLanguage":"en-US","potentialAction":[{"@type":"ReadAction","target":["https:\/\/durand-ruel.fr\/paul-durand-ruel\/"]}]},{"@type":"ImageObject","inLanguage":"en-US","@id":"https:\/\/durand-ruel.fr\/paul-durand-ruel\/#primaryimage","url":"https:\/\/durand-ruel.fr\/wp-content\/uploads\/2023\/06\/paul-durand-ruelc5b2.jpg","contentUrl":"https:\/\/durand-ruel.fr\/wp-content\/uploads\/2023\/06\/paul-durand-ruelc5b2.jpg","width":2000,"height":250},{"@type":"BreadcrumbList","@id":"https:\/\/durand-ruel.fr\/paul-durand-ruel\/#breadcrumb","itemListElement":[{"@type":"ListItem","position":1,"name":"Accueil","item":"https:\/\/durand-ruel.fr\/en\/"},{"@type":"ListItem","position":2,"name":"Paul Durand-Ruel"}]},{"@type":"WebSite","@id":"https:\/\/durand-ruel.fr\/#website","url":"https:\/\/durand-ruel.fr\/","name":"durand-ruel.fr","description":"","publisher":{"@id":"https:\/\/durand-ruel.fr\/#organization"},"potentialAction":[{"@type":"SearchAction","target":{"@type":"EntryPoint","urlTemplate":"https:\/\/durand-ruel.fr\/?s={search_term_string}"},"query-input":{"@type":"PropertyValueSpecification","valueRequired":true,"valueName":"search_term_string"}}],"inLanguage":"en-US"},{"@type":"Organization","@id":"https:\/\/durand-ruel.fr\/#organization","name":"DURAND-RUEL & CIE","url":"https:\/\/durand-ruel.fr\/","logo":{"@type":"ImageObject","inLanguage":"en-US","@id":"https:\/\/durand-ruel.fr\/#\/schema\/logo\/image\/","url":"https:\/\/durand-ruel.fr\/wp-content\/uploads\/2023\/06\/logo-bigbc43.png","contentUrl":"https:\/\/durand-ruel.fr\/wp-content\/uploads\/2023\/06\/logo-bigbc43.png","width":654,"height":44,"caption":"DURAND-RUEL & CIE"},"image":{"@id":"https:\/\/durand-ruel.fr\/#\/schema\/logo\/image\/"}}]}},"_links":{"self":[{"href":"https:\/\/durand-ruel.fr\/en\/wp-json\/wp\/v2\/pages\/237","targetHints":{"allow":["GET"]}}],"collection":[{"href":"https:\/\/durand-ruel.fr\/en\/wp-json\/wp\/v2\/pages"}],"about":[{"href":"https:\/\/durand-ruel.fr\/en\/wp-json\/wp\/v2\/types\/page"}],"author":[{"embeddable":true,"href":"https:\/\/durand-ruel.fr\/en\/wp-json\/wp\/v2\/users\/1"}],"replies":[{"embeddable":true,"href":"https:\/\/durand-ruel.fr\/en\/wp-json\/wp\/v2\/comments?post=237"}],"version-history":[{"count":0,"href":"https:\/\/durand-ruel.fr\/en\/wp-json\/wp\/v2\/pages\/237\/revisions"}],"wp:featuredmedia":[{"embeddable":true,"href":"https:\/\/durand-ruel.fr\/en\/wp-json\/wp\/v2\/media\/309"}],"wp:attachment":[{"href":"https:\/\/durand-ruel.fr\/en\/wp-json\/wp\/v2\/media?parent=237"}],"curies":[{"name":"wp","href":"https:\/\/api.w.org\/{rel}","templated":true}]}}